{"id":12,"date":"2016-11-01T10:28:21","date_gmt":"2016-11-01T10:28:21","guid":{"rendered":"http:\/\/themes.esmeth.com\/archtech\/?page_id=12"},"modified":"2024-07-16T11:36:50","modified_gmt":"2024-07-16T09:36:50","slug":"amenagement-decoration-restaurant-bar","status":"publish","type":"page","link":"https:\/\/innsideyourhome.fr\/InnsideYourHome\/","title":{"rendered":"Accueil"},"content":{"rendered":"<div class=\"wpb-content-wrapper\"><p>[vc_row full_width=\u00a0\u00bbstretch_row_content_no_spaces\u00a0\u00bb][vc_column][vc_images_carousel images=\u00a0\u00bb9120,7362&Prime; img_size=\u00a0\u00bbfull\u00a0\u00bb onclick=\u00a0\u00bblink_no\u00a0\u00bb autoplay=\u00a0\u00bbyes\u00a0\u00bb wrap=\u00a0\u00bbyes\u00a0\u00bb css=\u00a0\u00bb\u00a0\u00bb][\/vc_column][\/vc_row][vc_row][vc_column][vc_column_text]<\/p>\r\n<!-- \/wp:post-content -->\r\n<p><!-- wp:paragraph -->[\/vc_column_text][\/vc_column][\/vc_row][vc_row][vc_column][archtech_headings align=\u00a0\u00bbtext-center\u00a0\u00bb title=\u00a0\u00bbPourquoi choisir innside your home ?\u00a0\u00bb desc=\u00a0\u00bbComme on le dit dans la profession, s\u2019il n\u2019a pas con\u00e7u 1000 bars et restaurants \u00e0 travers le monde, Franck Galliaerde, architecte d\u2019int\u00e9rieur et maitre d\u2019\u0153uvre, n\u2019en n\u2019a pas fait un seul !\u00a0\u00bb][vc_column_text]<\/p>\r\n<div id=\"presentation\">\u00a0<\/div>\r\n<p>[\/vc_column_text][vc_row_inner][vc_column_inner width=\u00a0\u00bb1\/2&Prime;][vc_column_text] Il d\u00e9bute sa carri\u00e8re \u00e0 la t\u00eate d\u2019une importante soci\u00e9t\u00e9\u00a0d\u2019agencement, bas\u00e9e dans les Hauts-De-France. Pendant plus de 20 ans, il\u00a0d\u00e9veloppa les\u00a0concepts des\u00a03 Brasseurs, des\u00a0Caf\u00e9s Leffe, des Au Bureau et autres Irish Corner\u2026 Il cr\u00e9e en 2002 Bars&amp;Co, filiale d\u2019un Brasseur\u00a0mondialement connu, d\u00e9di\u00e9e\u00a0\u00e0 la franchise de Bars \u00e0 th\u00e8mes. [\/vc_column_text][\/vc_column_inner][vc_column_inner width=\u00a0\u00bb1\/2&Prime;][vc_column_text] Apr\u00e8s 7 ann\u00e9es \u00e0 la t\u00eate de cette soci\u00e9t\u00e9, il d\u00e9cide de cr\u00e9er sa propre structure : \u00ab Innside Your Home \u00bb, qui b\u00e9n\u00e9ficie de toute son expertise, alliant notamment la rigueur impos\u00e9e par les grands franchiseurs, la cr\u00e9ativit\u00e9 et l\u2019exclusivit\u00e9 n\u00e9cessaires aux entrepreneurs ind\u00e9pendants. [\/vc_column_text][\/vc_column_inner][\/vc_row_inner][\/vc_column][\/vc_row][vc_row][vc_column][vc_column_text]<\/p>\r\n<!-- \/wp:paragraph -->\r\n<p><!-- wp:paragraph -->[\/vc_column_text][\/vc_column][\/vc_row][vc_row full_width=\u00a0\u00bbstretch_row\u00a0\u00bb css=\u00a0\u00bb.vc_custom_1478009648164{padding-top: 10px !important;padding-bottom: 10px !important;background-color: #111111 !important;}\u00a0\u00bb][vc_column width=\u00a0\u00bb1\/2&Prime;][archtech_headings title=\u00a0\u00bbNos derni\u00e8res r\u00e9alisations\u00a0\u00bb desc=\u00a0\u00bbVous d\u00e9couvrez, ci-dessous, nos agencements de bars, restaurants et karaok\u00e9s. Ces projets et ces ambiances ont \u00e9t\u00e9 r\u00e9alis\u00e9s sur Paris, Lille, Bordeaux, Le Touquet, Nancy, Arras, Reims, Dijon, Amiens, Clermont-Ferrand, Toulon &#8230; Nos \u00e9quipes sont pr\u00eates pour que votre \u00e9tablissement devienne une r\u00e9f\u00e9rence !\u00a0\u00bb title_color=\u00a0\u00bb#ffffff\u00a0\u00bb desc_color=\u00a0\u00bb#dddddd\u00a0\u00bb][\/vc_column][vc_column width=\u00a0\u00bb1\/2&Prime;][vc_btn title=\u00a0\u00bbVoir toutes les r\u00e9alisations\u00a0\u00bb style=\u00a0\u00bbflat\u00a0\u00bb shape=\u00a0\u00bbsquare\u00a0\u00bb color=\u00a0\u00bbpink\u00a0\u00bb align=\u00a0\u00bbright\u00a0\u00bb css=\u00a0\u00bb.vc_custom_1574333048752{margin-top: 20px !important;}\u00a0\u00bb link=\u00a0\u00bburl:http%3A%2F%2Finnsideyourhome.fr%2FInnsideYourHome%2Fnos-realisations%2F|title:Nos%20R%C3%A9alisations||\u00a0\u00bb][\/vc_column][\/vc_row][vc_row full_width=\u00a0\u00bbstretch_row_content_no_spaces\u00a0\u00bb css=\u00a0\u00bb.vc_custom_1478009655654{background-color: #111111 !important;}\u00a0\u00bb][vc_column][archtech_projects projects_per_page=\u00a0\u00bb4&Prime;][\/vc_column][\/vc_row][vc_row][vc_column][vc_column_text]<\/p>\r\n<!-- \/wp:paragraph -->\r\n<p>&nbsp;<\/p>\r\n<!-- wp:shortcode -->\r\n<div id=\"mission\">\u00a0<\/div>\r\n<p>[\/vc_column_text][\/vc_column][\/vc_row][vc_row][vc_column width=\u00a0\u00bb1\/2&Prime;][vc_column_text]<\/p>\r\n<h3>Vous \u00eates int\u00e9r\u00e9ss\u00e9s par nos pr\u00e9stations ?<\/h3>\r\n<p>Nous vous r\u00e9pondrons dans les plus brefs d\u00e9lais. [\/vc_column_text][\/vc_column][vc_column width=\u00a0\u00bb1\/2&Prime;][vc_btn title=\u00a0\u00bbContactez-nous\u00a0\u00bb style=\u00a0\u00bbflat\u00a0\u00bb shape=\u00a0\u00bbsquare\u00a0\u00bb color=\u00a0\u00bbblack\u00a0\u00bb align=\u00a0\u00bbright\u00a0\u00bb css=\u00a0\u00bb.vc_custom_1576086513953{margin-top: 20px !important;}\u00a0\u00bb link=\u00a0\u00bburl:http%3A%2F%2Finnsideyourhome.fr%2FInnsideYourHome%2Fcontact%2F|title:Nos%20R%C3%A9alisations||\u00a0\u00bb][\/vc_column][\/vc_row][vc_row][vc_column][vc_column_text]<\/p>\r\n<!-- \/wp:shortcode -->\r\n<p><!-- wp:paragraph -->[\/vc_column_text][vc_column_text]<\/p>\r\n<div id=\"mission\">\u00a0<\/div>\r\n<p>[\/vc_column_text][\/vc_column][\/vc_row][vc_row full_width=\u00a0\u00bbstretch_row\u00a0\u00bb css=\u00a0\u00bb.vc_custom_1478012425731{padding-top: 30px !important;padding-bottom: 50px !important;background-color: #f7f7f7 !important;}\u00a0\u00bb][vc_column][archtech_headings align=\u00a0\u00bbtext-center\u00a0\u00bb title=\u00a0\u00bbNotre mission : vous accompagner dans la ma\u00eetrise d&rsquo;oeuvre et la d\u00e9coration de votre projet en 6 \u00e9tapes\u00a0\u00bb desc=\u00a0\u00bbVotre affaire a besoin d\u2019un nouveau souffle ? Vous venez d\u2019acqu\u00e9rir un fonds de commerce que voulez relancer en lui offrant un nouveau concept, une nouvelle d\u00e9coration et une image qui vous ressemble ? L\u2019\u00e9quipe d\u2019INNSIDE intervient \u00e0 vos c\u00f4t\u00e9s pour \u00e9tudier, discuter et valider votre projet.\u00a0\u00bb][vc_row_inner][vc_column_inner width=\u00a0\u00bb1\/3&Prime;][archtech_services icon=\u00a0\u00bbfa fa-calculator\u00a0\u00bb title=\u00a0\u00bb1. Estimation\u00a0\u00bb desc=\u00a0\u00bbNotre estimatif de travaux* repr\u00e9sente pr\u00e8s de 90% de votre enveloppe totale et comprend tous les postes de travaux et frais annexes de votre chantier, comme les plans, les \u00e9l\u00e9vations, l\u2019agencement, le choix du mobilier, la d\u00e9coration, les diff\u00e9rents lots de chaque corps de m\u00e9tier\u2026 C\u2019est sur cette enveloppe que nous calculerons nos honoraires.\u00a0\u00bb][\/vc_column_inner][vc_column_inner width=\u00a0\u00bb1\/3&Prime;][archtech_services icon=\u00a0\u00bbfa fa-file-text-o\u00a0\u00bb title=\u00a0\u00bb2. Contrat\u00a0\u00bb desc=\u00a0\u00bbCette \u00e9tape pass\u00e9e, nous \u00e9tablissons un contrat de ma\u00eetrise d\u2019\u0153uvre et de d\u00e9coration comportant l\u2019ensemble de notre mission, garanties d\u00e9cennales comprises.\u00a0\u00bb][\/vc_column_inner][vc_column_inner width=\u00a0\u00bb1\/3&Prime;][archtech_services icon=\u00a0\u00bbfa fa-map-o\u00a0\u00bb title=\u00a0\u00bb3. Avant-projet\u00a0\u00bb desc=\u00a0\u00bbL\u2019avant-projet accept\u00e9, nous passerons alors aux plans et aux \u00e9l\u00e9vations du projet. Une fois, cet ensemble valid\u00e9, nous lan\u00e7ons le cahier des charges, appel\u00e9 CCTP, afin que les entreprises interrog\u00e9es puissent r\u00e9pondre aux divers lots (gros \u0153uvre, pl\u00e2trerie, plomberie, \u00e9lectricit\u00e9, etc.\u00a0\u00bb][\/vc_column_inner][\/vc_row_inner][vc_row_inner][vc_column_inner width=\u00a0\u00bb1\/3&Prime;][archtech_services icon=\u00a0\u00bbicon-wrench\u00a0\u00bb title=\u00a0\u00bb4. Travaux\u00a0\u00bb desc=\u00a0\u00bbNous rentrons maintenant dans la phase travaux. Apr\u00e8s avoir sign\u00e9 les actes d\u2019engagements, les devis des entreprises et le planning, nous organisons une r\u00e9union de chantier hebdomadaire. A la clef, un compte rendu de chantier et un suivi quotidien de l\u2019ensemble des lots, afin d\u2019en faire respecter les d\u00e9lais. En plus de la coordination des interventions de l\u2019ensemble des entreprises participantes, Innside g\u00e8re les appels de fonds \u00e0 chaque \u00e9tape d\u2019avancement votre chantier. Ces derni\u00e8res vous facturent directement, sous notre contr\u00f4le, et en toute transparence. Ceci vous laisse d\u2019ailleurs le choix de confier vos travaux \u00e0 des soci\u00e9t\u00e9s que vous connaissez ou \u00e0 les mettre en concurrence avec les prestataires s\u00e9lectionn\u00e9s par Innside.\u00a0\u00bb][\/vc_column_inner][vc_column_inner width=\u00a0\u00bb1\/3&Prime;][archtech_services icon=\u00a0\u00bbfa fa-pencil-square-o\u00a0\u00bb title=\u00a0\u00bb5. R\u00e9ception\u00a0\u00bb desc=\u00a0\u00bbEnfin, quand vos travaux sont termin\u00e9s, nous assurons bien entendu leur r\u00e9ception, avec ou sans la pr\u00e9sence des entreprises concern\u00e9es. Le document qui en d\u00e9coule est essentiel pour garantir vos droits. Y figureront la liste des r\u00e9serves repr\u00e9sentant l\u2019ensemble des travaux de finitions ou modifications \u00e0 terminer, sous 3 semaines en r\u00e8gle g\u00e9n\u00e9rale.\u00a0\u00bb][\/vc_column_inner][vc_column_inner width=\u00a0\u00bb1\/3&Prime;][archtech_services icon=\u00a0\u00bbfa fa-check\u00a0\u00bb title=\u00a0\u00bb6. Lev\u00e9e de r\u00e9serves\u00a0\u00bb desc=\u00a0\u00bbA l\u2019issu de ce d\u00e9lai, la lev\u00e9e des r\u00e9serves sera organis\u00e9e afin de contr\u00f4ler que l\u2019ensemble des travaux de finition ont bien \u00e9t\u00e9 effectu\u00e9s et que vous pouvez r\u00e9gler le solde des lots concern\u00e9s. Voil\u00e0, vous \u00eates maintenant l\u2019heureux propri\u00e9taire d\u2019un \u00e9tablissement relook\u00e9 ou flambant neuf et toute l\u2019\u00e9quipe d\u2019Innside vous souhaite de belles ann\u00e9es dans ce nouveau d\u00e9cor\u2026\u00a0\u00bb][\/vc_column_inner][\/vc_row_inner][vc_row_inner disable_element=\u00a0\u00bbyes\u00a0\u00bb][vc_column_inner width=\u00a0\u00bb1\/4&Prime;][archtech_services style=\u00a0\u00bbstyle3&Prime; icon_color=\u00a0\u00bb#ffffff\u00a0\u00bb title=\u00a0\u00bbEngineer\u00a0\u00bb title_color=\u00a0\u00bb#ffffff\u00a0\u00bb url=\u00a0\u00bb#\u00a0\u00bb][\/vc_column_inner][vc_column_inner width=\u00a0\u00bb1\/4&Prime;][archtech_services style=\u00a0\u00bbstyle3&Prime; icon_color=\u00a0\u00bb#ffffff\u00a0\u00bb title=\u00a0\u00bbConstruction\u00a0\u00bb title_color=\u00a0\u00bb#ffffff\u00a0\u00bb url=\u00a0\u00bb#\u00a0\u00bb][\/vc_column_inner][vc_column_inner width=\u00a0\u00bb1\/4&Prime;][archtech_services style=\u00a0\u00bbstyle3&Prime; icon_color=\u00a0\u00bb#ffffff\u00a0\u00bb title=\u00a0\u00bbBuilding\u00a0\u00bb title_color=\u00a0\u00bb#ffffff\u00a0\u00bb url=\u00a0\u00bb#\u00a0\u00bb][\/vc_column_inner][vc_column_inner width=\u00a0\u00bb1\/4&Prime;][archtech_services style=\u00a0\u00bbstyle3&Prime; icon_color=\u00a0\u00bb#ffffff\u00a0\u00bb title=\u00a0\u00bbIsolation\u00a0\u00bb title_color=\u00a0\u00bb#ffffff\u00a0\u00bb url=\u00a0\u00bb#\u00a0\u00bb][vc_empty_space][\/vc_column_inner][\/vc_row_inner][vc_column_text]<\/p>\r\n<div id=\"equipe\">\u00a0<\/div>\r\n<p>* Nous ne chiffrons pas les autres frais inh\u00e9rent \u00e0 l\u2019acquisition du fonds de commerce, \u00e0 la constitution de soci\u00e9t\u00e9, \u00e0 vos besoins en fond de roulement, aux frais de branchement des concessionnaires. Estimatif travaux \u00e9tablit \u00e0 plus ou moins 10%. [\/vc_column_text][\/vc_column][\/vc_row][vc_row][vc_column][vc_column_text]<\/p>\r\n<!-- \/wp:paragraph -->\r\n<p><!-- wp:shortcode -->[\/vc_column_text][vc_column_text][\/vc_column_text][\/vc_column][\/vc_row][vc_row css=\u00a0\u00bb.vc_custom_1478009296039{margin-bottom: 40px !important;}\u00a0\u00bb][vc_column][archtech_headings align=\u00a0\u00bbtext-center\u00a0\u00bb title=\u00a0\u00bbNotre \u00e9quipe\u00a0\u00bb desc=\u00a0\u00bbDes professionnels exp\u00e9riment\u00e9s \u00e0 votre service\u00a0\u00bb][vc_empty_space height=\u00a0\u00bb50&Prime;][vc_row_inner][vc_column_inner width=\u00a0\u00bb1\/4&Prime;][vc_single_image image=\u00a0\u00bb8766&Prime; img_size=\u00a0\u00bbfull\u00a0\u00bb alignment=\u00a0\u00bbcenter\u00a0\u00bb][vc_column_text]<\/p>\r\n<p style=\"text-align: center;\"><b>Franck Galliaerde<br \/><\/b>G\u00e9rant<\/p>\r\n<p>[\/vc_column_text][\/vc_column_inner][vc_column_inner width=\u00a0\u00bb1\/4&Prime;][vc_single_image image=\u00a0\u00bb8767&Prime; img_size=\u00a0\u00bbfull\u00a0\u00bb alignment=\u00a0\u00bbcenter\u00a0\u00bb][vc_column_text]<\/p>\r\n<p style=\"text-align: center;\"><b>Alexandre Galliaerde<br \/><\/b>Responsable bureau d\u2019\u00e9tude et suivi de chantier<\/p>\r\n<p>[\/vc_column_text][\/vc_column_inner][vc_column_inner width=\u00a0\u00bb1\/4&Prime;][vc_single_image image=\u00a0\u00bb8770&Prime; img_size=\u00a0\u00bbfull\u00a0\u00bb alignment=\u00a0\u00bbcenter\u00a0\u00bb][vc_column_text]<\/p>\r\n<p style=\"text-align: center;\"><b>Vanessa Galliaerde<br \/><\/b>Responsable administrative<\/p>\r\n<p>[\/vc_column_text][\/vc_column_inner][vc_column_inner width=\u00a0\u00bb1\/4&Prime;][vc_single_image image=\u00a0\u00bb9842&Prime; img_size=\u00a0\u00bbfull\u00a0\u00bb alignment=\u00a0\u00bbcenter\u00a0\u00bb][vc_column_text]<\/p>\r\n<p style=\"text-align: center;\"><b>Anna Boulday<br \/><\/b>Dessinatrice bureau d\u2019\u00e9tude<\/p>\r\n<p>[\/vc_column_text][\/vc_column_inner][\/vc_row_inner][vc_row_inner][vc_column_inner width=\u00a0\u00bb1\/4&Prime;][vc_single_image image=\u00a0\u00bb9205&Prime; img_size=\u00a0\u00bbfull\u00a0\u00bb alignment=\u00a0\u00bbcenter\u00a0\u00bb][vc_column_text]<\/p>\r\n<p style=\"text-align: center;\"><b>Jeanne Penel<br \/><\/b>Dessinatrice bureau d\u2019\u00e9tude<\/p>\r\n<p>[\/vc_column_text][\/vc_column_inner][vc_column_inner width=\u00a0\u00bb1\/4&Prime;][vc_single_image image=\u00a0\u00bb6839&Prime; img_size=\u00a0\u00bbfull\u00a0\u00bb alignment=\u00a0\u00bbcenter\u00a0\u00bb][vc_column_text]<\/p>\r\n<p style=\"text-align: center;\"><b>Franck Deconynck<br \/><\/b>Comptable et suivi administratif<\/p>\r\n<p>[\/vc_column_text][\/vc_column_inner][vc_column_inner width=\u00a0\u00bb1\/4&Prime;][\/vc_column_inner][\/vc_row_inner][\/vc_column][\/vc_row][vc_row][vc_column][vc_column_text] [\/vc_column_text][\/vc_column][\/vc_row][vc_row][vc_column][vc_column_text] [\/vc_column_text][\/vc_column][\/vc_row][vc_row][vc_column][vc_column_text] [\/vc_column_text][\/vc_column][\/vc_row][vc_row][vc_column][vc_column_text]<\/p>\r\n<p>[\/vc_column_text][\/vc_column][\/vc_row][vc_row full_width=\u00a0\u00bbstretch_row\u00a0\u00bb disable_element=\u00a0\u00bbyes\u00a0\u00bb css=\u00a0\u00bb.vc_custom_1574248304179{padding-top: 40px !important;padding-bottom: 20px !important;background-color: #f7f7f7 !important;}\u00a0\u00bb][vc_column][archtech_headings align=\u00a0\u00bbtext-center\u00a0\u00bb title=\u00a0\u00bbRecent News\u00a0\u00bb desc=\u00a0\u00bbNunc in ornare urna. Pellentesque habitant morbi tristique senectus et netus et malesuada fames ac turpis egestas. Curabitur rhoncus volutpat eros, vestibulum dapibus.\u00a0\u00bb][vc_empty_space height=\u00a0\u00bb50&Prime;][archtech_blog_posts post_max_num=\u00a0\u00bb3&Prime; custom_excerpt=\u00a0\u00bb12&Prime;][\/vc_column][\/vc_row]<\/p><\/div>","protected":false},"excerpt":{"rendered":"<p>[vc_row full_width=\u00a0\u00bbstretch_row_content_no_spaces\u00a0\u00bb][vc_column][vc_images_carousel images=\u00a0\u00bb9120,7362&Prime; img_size=\u00a0\u00bbfull\u00a0\u00bb onclick=\u00a0\u00bblink_no\u00a0\u00bb autoplay=\u00a0\u00bbyes\u00a0\u00bb wrap=\u00a0\u00bbyes\u00a0\u00bb css=\u00a0\u00bb\u00a0\u00bb][\/vc_column][\/vc_row][vc_row][vc_column][vc_column_text] [\/vc_column_text][\/vc_column][\/vc_row][vc_row][vc_column][archtech_headings align=\u00a0\u00bbtext-center\u00a0\u00bb title=\u00a0\u00bbPourquoi choisir innside your home ?\u00a0\u00bb desc=\u00a0\u00bbComme on le dit dans la profession, s\u2019il n\u2019a pas con\u00e7u 1000 bars et restaurants \u00e0 travers le monde, Franck Galliaerde, architecte d\u2019int\u00e9rieur et maitre d\u2019\u0153uvre, n\u2019en n\u2019a pas fait un seul !\u00a0\u00bb][vc_column_text] \u00a0 [\/vc_column_text][vc_row_inner][vc_column_inner width=\u00a0\u00bb1\/2&Prime;][vc_column_text] Il d\u00e9bute sa carri\u00e8re \u00e0 la t\u00eate d\u2019une importante soci\u00e9t\u00e9\u00a0d\u2019agencement, bas\u00e9e dans les Hauts-De-France. Pendant plus de 20 ans, il\u00a0d\u00e9veloppa les\u00a0concepts des\u00a03 Brasseurs, des\u00a0Caf\u00e9s Leffe, des Au Bureau et autres Irish Corner\u2026 Il cr\u00e9e en 2002 Bars&amp;Co, filiale d\u2019un Brasseur\u00a0mondialement connu, d\u00e9di\u00e9e\u00a0\u00e0 la franchise de Bars \u00e0 th\u00e8mes..<\/p>\n","protected":false},"author":2,"featured_media":0,"parent":0,"menu_order":0,"comment_status":"closed","ping_status":"closed","template":"template-page-fullwidth.php","meta":{"footnotes":""},"class_list":["post-12","page","type-page","status-publish","hentry"],"_links":{"self":[{"href":"https:\/\/innsideyourhome.fr\/InnsideYourHome\/wp-json\/wp\/v2\/pages\/12","targetHints":{"allow":["GET"]}}],"collection":[{"href":"https:\/\/innsideyourhome.fr\/InnsideYourHome\/wp-json\/wp\/v2\/pages"}],"about":[{"href":"https:\/\/innsideyourhome.fr\/InnsideYourHome\/wp-json\/wp\/v2\/types\/page"}],"author":[{"embeddable":true,"href":"https:\/\/innsideyourhome.fr\/InnsideYourHome\/wp-json\/wp\/v2\/users\/2"}],"replies":[{"embeddable":true,"href":"https:\/\/innsideyourhome.fr\/InnsideYourHome\/wp-json\/wp\/v2\/comments?post=12"}],"version-history":[{"count":5,"href":"https:\/\/innsideyourhome.fr\/InnsideYourHome\/wp-json\/wp\/v2\/pages\/12\/revisions"}],"predecessor-version":[{"id":11029,"href":"https:\/\/innsideyourhome.fr\/InnsideYourHome\/wp-json\/wp\/v2\/pages\/12\/revisions\/11029"}],"wp:attachment":[{"href":"https:\/\/innsideyourhome.fr\/InnsideYourHome\/wp-json\/wp\/v2\/media?parent=12"}],"curies":[{"name":"wp","href":"https:\/\/api.w.org\/{rel}","templated":true}]}}