{"id":8451,"date":"2020-02-14T10:45:51","date_gmt":"2020-02-14T09:45:51","guid":{"rendered":"http:\/\/innsideyourhome.fr\/InnsideYourHome\/?page_id=8451"},"modified":"2021-10-25T19:06:04","modified_gmt":"2021-10-25T17:06:04","slug":"the-sherlock-pub-reims-thillois","status":"publish","type":"page","link":"http:\/\/innsideyourhome.fr\/InnsideYourHome\/the-sherlock-pub-reims-thillois\/","title":{"rendered":"The Sherlock Pub &#8211; Reims-Thillois"},"content":{"rendered":"<div class=\"wpb-content-wrapper\"><p>[vc_row full_width=\u00a0\u00bbstretch_row_content\u00a0\u00bb content_placement=\u00a0\u00bbbottom\u00a0\u00bb css=\u00a0\u00bb.vc_custom_1634749419267{padding-top: 250px !important;padding-right: 250px !important;padding-bottom: 250px !important;padding-left: 250px !important;background-image: url(http:\/\/innsideyourhome.fr\/InnsideYourHome\/wp-content\/uploads\/2020\/02\/DSC4864-scaled.jpg?id=9458) !important;background-position: center !important;background-repeat: no-repeat !important;background-size: cover !important;}\u00a0\u00bb][vc_column][\/vc_column][\/vc_row][vc_row][vc_column width=\u00a0\u00bb1\/2&Prime;][vc_single_image image=\u00a0\u00bb8569&Prime; img_size=\u00a0\u00bblarge\u00a0\u00bb onclick=\u00a0\u00bblink_image\u00a0\u00bb][\/vc_column][vc_column width=\u00a0\u00bb1\/2&Prime;][vc_custom_heading source=\u00a0\u00bbpost_title\u00a0\u00bb font_container=\u00a0\u00bbtag:h1|text_align:left|color:%23000000&Prime; use_theme_fonts=\u00a0\u00bbyes\u00a0\u00bb el_class=\u00a0\u00bbbandeau\u00a0\u00bb][vc_column_text]It\u2019s Open, welcome to the Sherlock Pub Reims !<br \/>\nNous sommes tr\u00e8s heureux ou plus exactement \u00ab very happy \u00bb de vous pr\u00e9senter notre derni\u00e8re r\u00e9alisation sur plus de 900m\u00b2. Elle est en lieu et place de l\u2019ancienne Taverne Maitre Kanter de Reims Thillois.<\/p>\n<p>Apr\u00e8s Verdun et Lille, le Groupe RD Finances by Eric Dujourdhui a sign\u00e9 en licence de marque ce nouveau Pub avec un professionnel de restauration Mr Claude Marchand.[\/vc_column_text][vc_column_text]Suite \u00e0 une refonte compl\u00e8te du b\u00e2timent aussi bien ext\u00e9rieure et int\u00e9rieure, nous vous pr\u00e9sentons la derni\u00e8re \u00e9volution du concept Sherlock Pub. Vous d\u00e9couvrirez les tuiles verniss\u00e9es noires, colombages, bardage bois et l\u2019horloge de Big Ben tr\u00f4nant au somment.[\/vc_column_text][vc_column_text]Il est certain que vous ne pourrez pas la manquer !<br \/>\nD\u00e8s votre entr\u00e9e, vous serez saisi par un escalier majestueux et avec la tour Big Ben sur plus de 7 m de hauteur. Vous arpenterez la reconstitution du 10 Downing Street avec sol pav\u00e9 et un bar de plus de 12m.<\/p>\n<p>De plus, une biblioth\u00e8que digne des plus beaux clubs Priv\u00e9s de la cit\u00e9 Londonienne contribuera \u00e0 l&rsquo;ambiance feutr\u00e9e du lieu.<\/p>\n<p>Enfin la statue de Sherlock vous invitera \u00e0 gravir les quelques marches vous menant directement vers le bureau de Mister Holmes. Vous acc\u00e9derez ensuite \u00e0 son laboratoire et pour finir \u00e0 son Winter Garden.[\/vc_column_text][vc_column_text]Bref, le fait que ce lieu deviendra ind\u00e9niablement \u00ab the place to be \u00bb pour y d\u00e9jeuner de la meilleure fa\u00e7on.<br \/>\nVous d\u00e9gusterez des plats connus et \u00e9prouv\u00e9s de longue date par le concept et les professionnels ici rassembl\u00e9s\u2026<\/p>\n<p>Merci \u00e0 Claude le Boss de nous avoir fait confiance.<br \/>\nNous sommes persuad\u00e9s que le succ\u00e8s sera au rdv. Ouvert depuis peu, les chiffres sont d\u00e9j\u00e0 exceptionnels.[\/vc_column_text][\/vc_column][\/vc_row][vc_row][vc_column width=\u00a0\u00bb1\/3&Prime;][vc_single_image image=\u00a0\u00bb9470&Prime; img_size=\u00a0\u00bbfull\u00a0\u00bb alignment=\u00a0\u00bbcenter\u00a0\u00bb onclick=\u00a0\u00bblink_image\u00a0\u00bb][vc_single_image image=\u00a0\u00bb9454&Prime; img_size=\u00a0\u00bbfull\u00a0\u00bb alignment=\u00a0\u00bbcenter\u00a0\u00bb onclick=\u00a0\u00bblink_image\u00a0\u00bb][vc_single_image image=\u00a0\u00bb9460&Prime; img_size=\u00a0\u00bbfull\u00a0\u00bb alignment=\u00a0\u00bbcenter\u00a0\u00bb onclick=\u00a0\u00bblink_image\u00a0\u00bb][vc_single_image image=\u00a0\u00bb9471&Prime; img_size=\u00a0\u00bbfull\u00a0\u00bb alignment=\u00a0\u00bbcenter\u00a0\u00bb onclick=\u00a0\u00bblink_image\u00a0\u00bb][vc_single_image image=\u00a0\u00bb9478&Prime; img_size=\u00a0\u00bbfull\u00a0\u00bb alignment=\u00a0\u00bbcenter\u00a0\u00bb onclick=\u00a0\u00bblink_image\u00a0\u00bb][\/vc_column][vc_column width=\u00a0\u00bb1\/3&Prime;][vc_single_image image=\u00a0\u00bb9489&Prime; img_size=\u00a0\u00bbfull\u00a0\u00bb alignment=\u00a0\u00bbcenter\u00a0\u00bb onclick=\u00a0\u00bblink_image\u00a0\u00bb][vc_single_image image=\u00a0\u00bb9464&Prime; img_size=\u00a0\u00bbfull\u00a0\u00bb alignment=\u00a0\u00bbcenter\u00a0\u00bb onclick=\u00a0\u00bblink_image\u00a0\u00bb][vc_single_image image=\u00a0\u00bb9468&Prime; img_size=\u00a0\u00bbfull\u00a0\u00bb alignment=\u00a0\u00bbcenter\u00a0\u00bb onclick=\u00a0\u00bblink_image\u00a0\u00bb][vc_single_image image=\u00a0\u00bb9476&Prime; img_size=\u00a0\u00bbfull\u00a0\u00bb alignment=\u00a0\u00bbcenter\u00a0\u00bb onclick=\u00a0\u00bblink_image\u00a0\u00bb][vc_single_image image=\u00a0\u00bb9479&Prime; img_size=\u00a0\u00bbfull\u00a0\u00bb alignment=\u00a0\u00bbcenter\u00a0\u00bb onclick=\u00a0\u00bblink_image\u00a0\u00bb][\/vc_column][vc_column width=\u00a0\u00bb1\/3&Prime;][vc_single_image image=\u00a0\u00bb9494&Prime; img_size=\u00a0\u00bbfull\u00a0\u00bb alignment=\u00a0\u00bbcenter\u00a0\u00bb onclick=\u00a0\u00bblink_image\u00a0\u00bb][vc_single_image image=\u00a0\u00bb9465&Prime; img_size=\u00a0\u00bbfull\u00a0\u00bb alignment=\u00a0\u00bbcenter\u00a0\u00bb onclick=\u00a0\u00bblink_image\u00a0\u00bb][vc_single_image image=\u00a0\u00bb9469&Prime; img_size=\u00a0\u00bbfull\u00a0\u00bb alignment=\u00a0\u00bbcenter\u00a0\u00bb onclick=\u00a0\u00bblink_image\u00a0\u00bb][vc_single_image image=\u00a0\u00bb9477&Prime; img_size=\u00a0\u00bbfull\u00a0\u00bb alignment=\u00a0\u00bbcenter\u00a0\u00bb onclick=\u00a0\u00bblink_image\u00a0\u00bb][vc_single_image image=\u00a0\u00bb9474&Prime; img_size=\u00a0\u00bbfull\u00a0\u00bb alignment=\u00a0\u00bbcenter\u00a0\u00bb onclick=\u00a0\u00bblink_image\u00a0\u00bb][\/vc_column][\/vc_row][vc_row full_width=\u00a0\u00bbstretch_row_content_no_spaces\u00a0\u00bb content_placement=\u00a0\u00bbmiddle\u00a0\u00bb css=\u00a0\u00bb.vc_custom_1574347126631{background-color: #ebebeb !important;background-position: center !important;background-repeat: no-repeat !important;background-size: cover !important;}\u00a0\u00bb][vc_column][vc_btn title=\u00a0\u00bbToutes nos r\u00e9alisations\u00a0\u00bb style=\u00a0\u00bbflat\u00a0\u00bb shape=\u00a0\u00bbsquare\u00a0\u00bb align=\u00a0\u00bbcenter\u00a0\u00bb i_icon_fontawesome=\u00a0\u00bbfa fa-th\u00a0\u00bb add_icon=\u00a0\u00bbtrue\u00a0\u00bb link=\u00a0\u00bburl:http%3A%2F%2Finnsideyourhome.fr%2FInnsideYourHome%2Fnos-realisations%2F|title:Nos%20R%C3%A9alisations||\u00a0\u00bb][\/vc_column][\/vc_row]<\/p>\n<\/div>","protected":false},"excerpt":{"rendered":"<p>[vc_row full_width=\u00a0\u00bbstretch_row_content\u00a0\u00bb content_placement=\u00a0\u00bbbottom\u00a0\u00bb css=\u00a0\u00bb.vc_custom_1634749419267{padding-top: 250px !important;padding-right: 250px !important;padding-bottom: 250px !important;padding-left: 250px !important;background-image: url(http:\/\/innsideyourhome.fr\/InnsideYourHome\/wp-content\/uploads\/2020\/02\/DSC4864-scaled.jpg?id=9458) !important;background-position: center !important;background-repeat: no-repeat !important;background-size: cover !important;}\u00a0\u00bb][vc_column][\/vc_column][\/vc_row][vc_row][vc_column width=\u00a0\u00bb1\/2&Prime;][vc_single_image image=\u00a0\u00bb8569&Prime; img_size=\u00a0\u00bblarge\u00a0\u00bb onclick=\u00a0\u00bblink_image\u00a0\u00bb][\/vc_column][vc_column width=\u00a0\u00bb1\/2&Prime;][vc_custom_heading source=\u00a0\u00bbpost_title\u00a0\u00bb font_container=\u00a0\u00bbtag:h1|text_align:left|color:%23000000&Prime; use_theme_fonts=\u00a0\u00bbyes\u00a0\u00bb el_class=\u00a0\u00bbbandeau\u00a0\u00bb][vc_column_text]It\u2019s Open, welcome to the Sherlock Pub Reims ! Nous sommes tr\u00e8s heureux ou plus exactement \u00ab very happy \u00bb de vous pr\u00e9senter notre derni\u00e8re r\u00e9alisation sur plus de 900m\u00b2. Elle est en lieu et place de l\u2019ancienne Taverne Maitre Kanter de Reims Thillois. Apr\u00e8s Verdun et Lille, le Groupe RD Finances by Eric Dujourdhui a sign\u00e9 en licence de marque ce nouveau Pub avec un professionnel de restauration Mr Claude Marchand.[\/vc_column_text][vc_column_text]Suite.<\/p>\n","protected":false},"author":2,"featured_media":0,"parent":0,"menu_order":0,"comment_status":"closed","ping_status":"closed","template":"template-page-fullwidth.php","meta":{"footnotes":""},"class_list":["post-8451","page","type-page","status-publish","hentry"],"_links":{"self":[{"href":"http:\/\/innsideyourhome.fr\/InnsideYourHome\/wp-json\/wp\/v2\/pages\/8451","targetHints":{"allow":["GET"]}}],"collection":[{"href":"http:\/\/innsideyourhome.fr\/InnsideYourHome\/wp-json\/wp\/v2\/pages"}],"about":[{"href":"http:\/\/innsideyourhome.fr\/InnsideYourHome\/wp-json\/wp\/v2\/types\/page"}],"author":[{"embeddable":true,"href":"http:\/\/innsideyourhome.fr\/InnsideYourHome\/wp-json\/wp\/v2\/users\/2"}],"replies":[{"embeddable":true,"href":"http:\/\/innsideyourhome.fr\/InnsideYourHome\/wp-json\/wp\/v2\/comments?post=8451"}],"version-history":[{"count":5,"href":"http:\/\/innsideyourhome.fr\/InnsideYourHome\/wp-json\/wp\/v2\/pages\/8451\/revisions"}],"predecessor-version":[{"id":8568,"href":"http:\/\/innsideyourhome.fr\/InnsideYourHome\/wp-json\/wp\/v2\/pages\/8451\/revisions\/8568"}],"wp:attachment":[{"href":"http:\/\/innsideyourhome.fr\/InnsideYourHome\/wp-json\/wp\/v2\/media?parent=8451"}],"curies":[{"name":"wp","href":"https:\/\/api.w.org\/{rel}","templated":true}]}}