{"id":7648,"date":"2020-01-30T14:39:36","date_gmt":"2020-01-30T13:39:36","guid":{"rendered":"http:\/\/innsideyourhome.fr\/InnsideYourHome\/?page_id=7648"},"modified":"2020-02-06T15:29:34","modified_gmt":"2020-02-06T14:29:34","slug":"au-bureau-le-touquet-paris-plage","status":"publish","type":"page","link":"http:\/\/innsideyourhome.fr\/InnsideYourHome\/au-bureau-le-touquet-paris-plage\/","title":{"rendered":"Au Bureau &#8211; Le Touquet Paris-Plage"},"content":{"rendered":"<div class=\"wpb-content-wrapper\"><p>[vc_row full_width=\u00a0\u00bbstretch_row_content\u00a0\u00bb content_placement=\u00a0\u00bbbottom\u00a0\u00bb css=\u00a0\u00bb.vc_custom_1580391267057{padding-top: 250px !important;padding-right: 250px !important;padding-bottom: 250px !important;padding-left: 250px !important;background-image: url(http:\/\/innsideyourhome.fr\/InnsideYourHome\/wp-content\/uploads\/2020\/01\/IMG_5070_resultat.jpg?id=7898) !important;background-position: center !important;background-repeat: no-repeat !important;background-size: cover !important;}\u00a0\u00bb][vc_column][\/vc_column][\/vc_row][vc_row][vc_column width=\u00a0\u00bb1\/2&Prime;][vc_single_image image=\u00a0\u00bb8060&Prime; img_size=\u00a0\u00bblarge\u00a0\u00bb onclick=\u00a0\u00bblink_image\u00a0\u00bb][\/vc_column][vc_column width=\u00a0\u00bb1\/2&Prime;][vc_custom_heading source=\u00a0\u00bbpost_title\u00a0\u00bb font_container=\u00a0\u00bbtag:h1|text_align:left|color:%23000000&Prime; use_theme_fonts=\u00a0\u00bbyes\u00a0\u00bb el_class=\u00a0\u00bbbandeau\u00a0\u00bb][vc_column_text]Le concept Au Bureau est n\u00e9 ici Au Touquet il y a 28 ans !<br \/>\nTout un symbole, nous \u00e9tions d\u00e9j\u00e0 l\u00e0 \u00e0 cette \u00e9poque pour y faire les travaux.<br \/>\nC\u2019est non sans une certaine \u00e9motion, que nous avons effectu\u00e9 le relookage complet de cet \u00e9tablissement embl\u00e9matique !<br \/>\nPub anglais CHIC, fauteuils et Chesterfield moelleux, clin d\u2019\u0153il aux colonies anglaises avec la sculpture d\u2019un buffle se faisant happer par une lionne, sous le regard du colon anglais, l\u2019union jack sur plus de 4 m\u00e8tres, sans oublier la salle rock&rsquo;n&rsquo;roll avec led zeppelin en fresque sur les murs.<br \/>\nUne v\u00e9ritable incitation au voyage\u2026..[\/vc_column_text][\/vc_column][\/vc_row][vc_row][vc_column width=\u00a0\u00bb1\/3&Prime;][vc_single_image image=\u00a0\u00bb7886&Prime; img_size=\u00a0\u00bbfull\u00a0\u00bb alignment=\u00a0\u00bbcenter\u00a0\u00bb onclick=\u00a0\u00bblink_image\u00a0\u00bb][vc_single_image image=\u00a0\u00bb7910&Prime; img_size=\u00a0\u00bbfull\u00a0\u00bb alignment=\u00a0\u00bbcenter\u00a0\u00bb onclick=\u00a0\u00bblink_image\u00a0\u00bb][\/vc_column][vc_column width=\u00a0\u00bb1\/3&Prime;][vc_single_image image=\u00a0\u00bb7888&Prime; img_size=\u00a0\u00bbfull\u00a0\u00bb alignment=\u00a0\u00bbcenter\u00a0\u00bb onclick=\u00a0\u00bblink_image\u00a0\u00bb][vc_single_image image=\u00a0\u00bb7906&Prime; img_size=\u00a0\u00bbfull\u00a0\u00bb alignment=\u00a0\u00bbcenter\u00a0\u00bb onclick=\u00a0\u00bblink_image\u00a0\u00bb][\/vc_column][vc_column width=\u00a0\u00bb1\/3&Prime;][vc_single_image image=\u00a0\u00bb7893&Prime; img_size=\u00a0\u00bbfull\u00a0\u00bb alignment=\u00a0\u00bbcenter\u00a0\u00bb onclick=\u00a0\u00bblink_image\u00a0\u00bb][vc_single_image image=\u00a0\u00bb7907&Prime; img_size=\u00a0\u00bbfull\u00a0\u00bb alignment=\u00a0\u00bbcenter\u00a0\u00bb onclick=\u00a0\u00bblink_image\u00a0\u00bb][\/vc_column][\/vc_row][vc_row full_width=\u00a0\u00bbstretch_row_content_no_spaces\u00a0\u00bb content_placement=\u00a0\u00bbmiddle\u00a0\u00bb css=\u00a0\u00bb.vc_custom_1574347126631{background-color: #ebebeb !important;background-position: center !important;background-repeat: no-repeat !important;background-size: cover !important;}\u00a0\u00bb][vc_column][vc_btn title=\u00a0\u00bbToutes nos r\u00e9alisations\u00a0\u00bb style=\u00a0\u00bbflat\u00a0\u00bb shape=\u00a0\u00bbsquare\u00a0\u00bb align=\u00a0\u00bbcenter\u00a0\u00bb i_icon_fontawesome=\u00a0\u00bbfa fa-th\u00a0\u00bb add_icon=\u00a0\u00bbtrue\u00a0\u00bb link=\u00a0\u00bburl:http%3A%2F%2Finnsideyourhome.fr%2FInnsideYourHome%2Fnos-realisations%2F|title:Nos%20R%C3%A9alisations||\u00a0\u00bb][\/vc_column][\/vc_row]<\/p>\n<\/div>","protected":false},"excerpt":{"rendered":"<p>[vc_row full_width=\u00a0\u00bbstretch_row_content\u00a0\u00bb content_placement=\u00a0\u00bbbottom\u00a0\u00bb css=\u00a0\u00bb.vc_custom_1580391267057{padding-top: 250px !important;padding-right: 250px !important;padding-bottom: 250px !important;padding-left: 250px !important;background-image: url(http:\/\/innsideyourhome.fr\/InnsideYourHome\/wp-content\/uploads\/2020\/01\/IMG_5070_resultat.jpg?id=7898) !important;background-position: center !important;background-repeat: no-repeat !important;background-size: cover !important;}\u00a0\u00bb][vc_column][\/vc_column][\/vc_row][vc_row][vc_column width=\u00a0\u00bb1\/2&Prime;][vc_single_image image=\u00a0\u00bb8060&Prime; img_size=\u00a0\u00bblarge\u00a0\u00bb onclick=\u00a0\u00bblink_image\u00a0\u00bb][\/vc_column][vc_column width=\u00a0\u00bb1\/2&Prime;][vc_custom_heading source=\u00a0\u00bbpost_title\u00a0\u00bb font_container=\u00a0\u00bbtag:h1|text_align:left|color:%23000000&Prime; use_theme_fonts=\u00a0\u00bbyes\u00a0\u00bb el_class=\u00a0\u00bbbandeau\u00a0\u00bb][vc_column_text]Le concept Au Bureau est n\u00e9 ici Au Touquet il y a 28 ans ! Tout un symbole, nous \u00e9tions d\u00e9j\u00e0 l\u00e0 \u00e0 cette \u00e9poque pour y faire les travaux. C\u2019est non sans une certaine \u00e9motion, que nous avons effectu\u00e9 le relookage complet de cet \u00e9tablissement embl\u00e9matique ! Pub anglais CHIC, fauteuils et Chesterfield moelleux, clin d\u2019\u0153il aux colonies anglaises avec la sculpture d\u2019un buffle se faisant happer par une lionne, sous.<\/p>\n","protected":false},"author":2,"featured_media":0,"parent":0,"menu_order":0,"comment_status":"closed","ping_status":"closed","template":"template-page-fullwidth.php","meta":{"footnotes":""},"class_list":["post-7648","page","type-page","status-publish","hentry"],"_links":{"self":[{"href":"http:\/\/innsideyourhome.fr\/InnsideYourHome\/wp-json\/wp\/v2\/pages\/7648","targetHints":{"allow":["GET"]}}],"collection":[{"href":"http:\/\/innsideyourhome.fr\/InnsideYourHome\/wp-json\/wp\/v2\/pages"}],"about":[{"href":"http:\/\/innsideyourhome.fr\/InnsideYourHome\/wp-json\/wp\/v2\/types\/page"}],"author":[{"embeddable":true,"href":"http:\/\/innsideyourhome.fr\/InnsideYourHome\/wp-json\/wp\/v2\/users\/2"}],"replies":[{"embeddable":true,"href":"http:\/\/innsideyourhome.fr\/InnsideYourHome\/wp-json\/wp\/v2\/comments?post=7648"}],"version-history":[{"count":5,"href":"http:\/\/innsideyourhome.fr\/InnsideYourHome\/wp-json\/wp\/v2\/pages\/7648\/revisions"}],"predecessor-version":[{"id":8123,"href":"http:\/\/innsideyourhome.fr\/InnsideYourHome\/wp-json\/wp\/v2\/pages\/7648\/revisions\/8123"}],"wp:attachment":[{"href":"http:\/\/innsideyourhome.fr\/InnsideYourHome\/wp-json\/wp\/v2\/media?parent=7648"}],"curies":[{"name":"wp","href":"https:\/\/api.w.org\/{rel}","templated":true}]}}