{"id":73,"date":"2016-11-01T13:23:52","date_gmt":"2016-11-01T13:23:52","guid":{"rendered":"http:\/\/themes.esmeth.com\/archtech\/?page_id=73"},"modified":"2020-02-06T11:05:01","modified_gmt":"2020-02-06T10:05:01","slug":"nos-realisations","status":"publish","type":"page","link":"http:\/\/innsideyourhome.fr\/InnsideYourHome\/nos-realisations\/","title":{"rendered":"Nos R\u00e9alisations"},"content":{"rendered":"<div class=\"wpb-content-wrapper\"><p>[vc_row][vc_column][vc_column_text]Vous d\u00e9couvrez, ci-dessous, nos am\u00e9nagements de bars, restaurants et karaok\u00e9s. Ces projets et ces ambiances ont \u00e9t\u00e9 r\u00e9alis\u00e9s sur Paris, Lille, Bordeaux, Le Touquet, Nancy, Arras, Reims, Dijon, Amiens, Clermont-Ferrand, Toulon &#8230;<br \/>\nNos \u00e9quipes sont pr\u00eates pour que votre \u00e9tablissement devienne une r\u00e9f\u00e9rence ![\/vc_column_text][\/vc_column][\/vc_row]<\/p>\n<\/div>","protected":false},"excerpt":{"rendered":"<p>[vc_row][vc_column][vc_column_text]Vous d\u00e9couvrez, ci-dessous, nos am\u00e9nagements de bars, restaurants et karaok\u00e9s. Ces projets et ces ambiances ont \u00e9t\u00e9 r\u00e9alis\u00e9s sur Paris, Lille, Bordeaux, Le Touquet, Nancy, Arras, Reims, Dijon, Amiens, Clermont-Ferrand, Toulon &#8230; Nos \u00e9quipes sont pr\u00eates pour que votre \u00e9tablissement devienne une r\u00e9f\u00e9rence ![\/vc_column_text][\/vc_column][\/vc_row]<\/p>\n","protected":false},"author":2,"featured_media":0,"parent":0,"menu_order":0,"comment_status":"closed","ping_status":"closed","template":"template-projects-3col.php","meta":{"footnotes":""},"class_list":["post-73","page","type-page","status-publish","hentry"],"_links":{"self":[{"href":"http:\/\/innsideyourhome.fr\/InnsideYourHome\/wp-json\/wp\/v2\/pages\/73","targetHints":{"allow":["GET"]}}],"collection":[{"href":"http:\/\/innsideyourhome.fr\/InnsideYourHome\/wp-json\/wp\/v2\/pages"}],"about":[{"href":"http:\/\/innsideyourhome.fr\/InnsideYourHome\/wp-json\/wp\/v2\/types\/page"}],"author":[{"embeddable":true,"href":"http:\/\/innsideyourhome.fr\/InnsideYourHome\/wp-json\/wp\/v2\/users\/2"}],"replies":[{"embeddable":true,"href":"http:\/\/innsideyourhome.fr\/InnsideYourHome\/wp-json\/wp\/v2\/comments?post=73"}],"version-history":[{"count":4,"href":"http:\/\/innsideyourhome.fr\/InnsideYourHome\/wp-json\/wp\/v2\/pages\/73\/revisions"}],"predecessor-version":[{"id":8119,"href":"http:\/\/innsideyourhome.fr\/InnsideYourHome\/wp-json\/wp\/v2\/pages\/73\/revisions\/8119"}],"wp:attachment":[{"href":"http:\/\/innsideyourhome.fr\/InnsideYourHome\/wp-json\/wp\/v2\/media?parent=73"}],"curies":[{"name":"wp","href":"https:\/\/api.w.org\/{rel}","templated":true}]}}