{"id":7060,"date":"2019-11-25T17:08:03","date_gmt":"2019-11-25T16:08:03","guid":{"rendered":"http:\/\/innsideyourhome.fr\/InnsideYourHome\/?page_id=7060"},"modified":"2020-02-06T17:08:24","modified_gmt":"2020-02-06T16:08:24","slug":"mister-foggs-reims","status":"publish","type":"page","link":"http:\/\/innsideyourhome.fr\/InnsideYourHome\/mister-foggs-reims\/","title":{"rendered":"Mister Fogg\u2019s &#8211; Reims"},"content":{"rendered":"<div class=\"wpb-content-wrapper\"><p>[vc_row full_width=\u00a0\u00bbstretch_row_content\u00a0\u00bb content_placement=\u00a0\u00bbbottom\u00a0\u00bb css=\u00a0\u00bb.vc_custom_1574697887534{padding-top: 250px !important;padding-right: 250px !important;padding-bottom: 250px !important;padding-left: 250px !important;background-image: url(http:\/\/innsideyourhome.fr\/InnsideYourHome\/wp-content\/uploads\/2019\/11\/2018-04-23-18.08.jpg?id=7065) !important;background-position: center !important;background-repeat: no-repeat !important;background-size: cover !important;}\u00a0\u00bb][vc_column][\/vc_column][\/vc_row][vc_row][vc_column width=\u00a0\u00bb1\/2&Prime;][vc_single_image image=\u00a0\u00bb7509&Prime; img_size=\u00a0\u00bblarge\u00a0\u00bb onclick=\u00a0\u00bblink_image\u00a0\u00bb][\/vc_column][vc_column width=\u00a0\u00bb1\/2&Prime;][vc_custom_heading source=\u00a0\u00bbpost_title\u00a0\u00bb font_container=\u00a0\u00bbtag:h1|text_align:left|color:%23000000&Prime; use_theme_fonts=\u00a0\u00bbyes\u00a0\u00bb el_class=\u00a0\u00bbbandeau\u00a0\u00bb][vc_column_text]La Holding RD Finances \u00e0 nouveau fait confiance \u00e0 Innside pour la d\u00e9coration de sa nouvelle enseigne au nom \u00e9vocateur de \u00ab MR FOGG\u2019S \u00bb Id\u00e9alement plac\u00e9, place d\u2019Erlon \u00e0 Reims.<br \/>\nVous serez transport\u00e9 dans le monde fantastique de Jules Vernes et des voyages de Mister Phileas Fogg, durant son tour du monde en 80 jours.[\/vc_column_text][\/vc_column][\/vc_row][vc_row][vc_column width=\u00a0\u00bb1\/3&Prime;][vc_single_image image=\u00a0\u00bb7226&Prime; img_size=\u00a0\u00bbfull\u00a0\u00bb alignment=\u00a0\u00bbcenter\u00a0\u00bb onclick=\u00a0\u00bblink_image\u00a0\u00bb][vc_single_image image=\u00a0\u00bb7229&Prime; img_size=\u00a0\u00bbfull\u00a0\u00bb alignment=\u00a0\u00bbcenter\u00a0\u00bb onclick=\u00a0\u00bblink_image\u00a0\u00bb][vc_single_image image=\u00a0\u00bb7500&Prime; img_size=\u00a0\u00bbfull\u00a0\u00bb alignment=\u00a0\u00bbcenter\u00a0\u00bb onclick=\u00a0\u00bblink_image\u00a0\u00bb][\/vc_column][vc_column width=\u00a0\u00bb1\/3&Prime;][vc_single_image image=\u00a0\u00bb7227&Prime; img_size=\u00a0\u00bbfull\u00a0\u00bb alignment=\u00a0\u00bbcenter\u00a0\u00bb onclick=\u00a0\u00bblink_image\u00a0\u00bb][vc_single_image image=\u00a0\u00bb7230&Prime; img_size=\u00a0\u00bbfull\u00a0\u00bb alignment=\u00a0\u00bbcenter\u00a0\u00bb onclick=\u00a0\u00bblink_image\u00a0\u00bb][vc_single_image image=\u00a0\u00bb7502&Prime; img_size=\u00a0\u00bbfull\u00a0\u00bb alignment=\u00a0\u00bbcenter\u00a0\u00bb onclick=\u00a0\u00bblink_image\u00a0\u00bb][\/vc_column][vc_column width=\u00a0\u00bb1\/3&Prime;][vc_single_image image=\u00a0\u00bb7228&Prime; img_size=\u00a0\u00bbfull\u00a0\u00bb alignment=\u00a0\u00bbcenter\u00a0\u00bb onclick=\u00a0\u00bblink_image\u00a0\u00bb][vc_single_image image=\u00a0\u00bb7231&Prime; img_size=\u00a0\u00bbfull\u00a0\u00bb alignment=\u00a0\u00bbcenter\u00a0\u00bb onclick=\u00a0\u00bblink_image\u00a0\u00bb][vc_single_image image=\u00a0\u00bb7498&Prime; img_size=\u00a0\u00bbfull\u00a0\u00bb alignment=\u00a0\u00bbcenter\u00a0\u00bb onclick=\u00a0\u00bblink_image\u00a0\u00bb][\/vc_column][\/vc_row][vc_row full_width=\u00a0\u00bbstretch_row_content_no_spaces\u00a0\u00bb content_placement=\u00a0\u00bbmiddle\u00a0\u00bb css=\u00a0\u00bb.vc_custom_1574347126631{background-color: #ebebeb !important;background-position: center !important;background-repeat: no-repeat !important;background-size: cover !important;}\u00a0\u00bb][vc_column][vc_btn title=\u00a0\u00bbToutes nos r\u00e9alisations\u00a0\u00bb style=\u00a0\u00bbflat\u00a0\u00bb shape=\u00a0\u00bbsquare\u00a0\u00bb align=\u00a0\u00bbcenter\u00a0\u00bb i_icon_fontawesome=\u00a0\u00bbfa fa-th\u00a0\u00bb add_icon=\u00a0\u00bbtrue\u00a0\u00bb link=\u00a0\u00bburl:http%3A%2F%2Finnsideyourhome.fr%2FInnsideYourHome%2Fnos-realisations%2F|title:Nos%20R%C3%A9alisations||\u00a0\u00bb][\/vc_column][\/vc_row]<\/p>\n<\/div>","protected":false},"excerpt":{"rendered":"<p>[vc_row full_width=\u00a0\u00bbstretch_row_content\u00a0\u00bb content_placement=\u00a0\u00bbbottom\u00a0\u00bb css=\u00a0\u00bb.vc_custom_1574697887534{padding-top: 250px !important;padding-right: 250px !important;padding-bottom: 250px !important;padding-left: 250px !important;background-image: url(http:\/\/innsideyourhome.fr\/InnsideYourHome\/wp-content\/uploads\/2019\/11\/2018-04-23-18.08.jpg?id=7065) !important;background-position: center !important;background-repeat: no-repeat !important;background-size: cover !important;}\u00a0\u00bb][vc_column][\/vc_column][\/vc_row][vc_row][vc_column width=\u00a0\u00bb1\/2&Prime;][vc_single_image image=\u00a0\u00bb7509&Prime; img_size=\u00a0\u00bblarge\u00a0\u00bb onclick=\u00a0\u00bblink_image\u00a0\u00bb][\/vc_column][vc_column width=\u00a0\u00bb1\/2&Prime;][vc_custom_heading source=\u00a0\u00bbpost_title\u00a0\u00bb font_container=\u00a0\u00bbtag:h1|text_align:left|color:%23000000&Prime; use_theme_fonts=\u00a0\u00bbyes\u00a0\u00bb el_class=\u00a0\u00bbbandeau\u00a0\u00bb][vc_column_text]La Holding RD Finances \u00e0 nouveau fait confiance \u00e0 Innside pour la d\u00e9coration de sa nouvelle enseigne au nom \u00e9vocateur de \u00ab MR FOGG\u2019S \u00bb Id\u00e9alement plac\u00e9, place d\u2019Erlon \u00e0 Reims. Vous serez transport\u00e9 dans le monde fantastique de Jules Vernes et des voyages de Mister Phileas Fogg, durant son tour du monde en 80 jours.[\/vc_column_text][\/vc_column][\/vc_row][vc_row][vc_column width=\u00a0\u00bb1\/3&Prime;][vc_single_image image=\u00a0\u00bb7226&Prime; img_size=\u00a0\u00bbfull\u00a0\u00bb alignment=\u00a0\u00bbcenter\u00a0\u00bb onclick=\u00a0\u00bblink_image\u00a0\u00bb][vc_single_image image=\u00a0\u00bb7229&Prime; img_size=\u00a0\u00bbfull\u00a0\u00bb alignment=\u00a0\u00bbcenter\u00a0\u00bb onclick=\u00a0\u00bblink_image\u00a0\u00bb][vc_single_image image=\u00a0\u00bb7500&Prime; img_size=\u00a0\u00bbfull\u00a0\u00bb alignment=\u00a0\u00bbcenter\u00a0\u00bb onclick=\u00a0\u00bblink_image\u00a0\u00bb][\/vc_column][vc_column width=\u00a0\u00bb1\/3&Prime;][vc_single_image image=\u00a0\u00bb7227&Prime; img_size=\u00a0\u00bbfull\u00a0\u00bb.<\/p>\n","protected":false},"author":2,"featured_media":0,"parent":0,"menu_order":0,"comment_status":"closed","ping_status":"closed","template":"template-page-fullwidth.php","meta":{"footnotes":""},"class_list":["post-7060","page","type-page","status-publish","hentry"],"_links":{"self":[{"href":"http:\/\/innsideyourhome.fr\/InnsideYourHome\/wp-json\/wp\/v2\/pages\/7060","targetHints":{"allow":["GET"]}}],"collection":[{"href":"http:\/\/innsideyourhome.fr\/InnsideYourHome\/wp-json\/wp\/v2\/pages"}],"about":[{"href":"http:\/\/innsideyourhome.fr\/InnsideYourHome\/wp-json\/wp\/v2\/types\/page"}],"author":[{"embeddable":true,"href":"http:\/\/innsideyourhome.fr\/InnsideYourHome\/wp-json\/wp\/v2\/users\/2"}],"replies":[{"embeddable":true,"href":"http:\/\/innsideyourhome.fr\/InnsideYourHome\/wp-json\/wp\/v2\/comments?post=7060"}],"version-history":[{"count":5,"href":"http:\/\/innsideyourhome.fr\/InnsideYourHome\/wp-json\/wp\/v2\/pages\/7060\/revisions"}],"predecessor-version":[{"id":8404,"href":"http:\/\/innsideyourhome.fr\/InnsideYourHome\/wp-json\/wp\/v2\/pages\/7060\/revisions\/8404"}],"wp:attachment":[{"href":"http:\/\/innsideyourhome.fr\/InnsideYourHome\/wp-json\/wp\/v2\/media?parent=7060"}],"curies":[{"name":"wp","href":"https:\/\/api.w.org\/{rel}","templated":true}]}}