{"id":7032,"date":"2019-11-22T11:03:39","date_gmt":"2019-11-22T10:03:39","guid":{"rendered":"http:\/\/innsideyourhome.fr\/InnsideYourHome\/?page_id=7032"},"modified":"2020-02-18T16:46:44","modified_gmt":"2020-02-18T15:46:44","slug":"eauzone-spa-carvin","status":"publish","type":"page","link":"http:\/\/innsideyourhome.fr\/InnsideYourHome\/eauzone-spa-carvin\/","title":{"rendered":"Eauzone spa &#8211; Carvin"},"content":{"rendered":"<div class=\"wpb-content-wrapper\"><p>[vc_row full_width=\u00a0\u00bbstretch_row_content\u00a0\u00bb content_placement=\u00a0\u00bbbottom\u00a0\u00bb css=\u00a0\u00bb.vc_custom_1582037735529{padding-top: 250px !important;padding-right: 250px !important;padding-bottom: 250px !important;padding-left: 250px !important;background-image: url(http:\/\/innsideyourhome.fr\/InnsideYourHome\/wp-content\/uploads\/2020\/02\/PHUKET-PANO-01.jpg?id=8636) !important;background-position: center !important;background-repeat: no-repeat !important;background-size: cover !important;}\u00a0\u00bb][vc_column][\/vc_column][\/vc_row][vc_row][vc_column width=\u00a0\u00bb1\/2&Prime;][vc_single_image image=\u00a0\u00bb8627&Prime; img_size=\u00a0\u00bblarge\u00a0\u00bb onclick=\u00a0\u00bblink_image\u00a0\u00bb][\/vc_column][vc_column width=\u00a0\u00bb1\/2&Prime;][vc_custom_heading source=\u00a0\u00bbpost_title\u00a0\u00bb font_container=\u00a0\u00bbtag:h1|text_align:left|color:%23000000&Prime; use_theme_fonts=\u00a0\u00bbyes\u00a0\u00bb el_class=\u00a0\u00bbbandeau\u00a0\u00bb][vc_column_text]Pas de valise, pas de contr\u00f4le de s\u00e9curit\u00e9, pas de jetlag, eh oui c\u2019est possible avec Eauzone Spa, 5 nouvelles destinations viennent de voir le jour dans ce nouveau centre \u00e0 20mn de Lille sur la zone commerciale de Carvin.<br \/>\nUn complexe de Spas privatifs, aux accents de grandes vacances, Duba\u00ef, les Bahamas, Los Angeles, Singapour, Phuket, autant de destinations de r\u00eave, que nous avons retranscrit le plus fid\u00e8lement possible en terme de d\u00e9coration.[\/vc_column_text][\/vc_column][\/vc_row][vc_row][vc_column width=\u00a0\u00bb1\/3&Prime;][vc_single_image image=\u00a0\u00bb8649&Prime; img_size=\u00a0\u00bbfull\u00a0\u00bb alignment=\u00a0\u00bbcenter\u00a0\u00bb onclick=\u00a0\u00bblink_image\u00a0\u00bb][vc_single_image image=\u00a0\u00bb7191&Prime; img_size=\u00a0\u00bbfull\u00a0\u00bb alignment=\u00a0\u00bbcenter\u00a0\u00bb onclick=\u00a0\u00bblink_image\u00a0\u00bb][vc_single_image image=\u00a0\u00bb8619&Prime; img_size=\u00a0\u00bbfull\u00a0\u00bb alignment=\u00a0\u00bbcenter\u00a0\u00bb onclick=\u00a0\u00bblink_image\u00a0\u00bb][vc_single_image image=\u00a0\u00bb8644&Prime; img_size=\u00a0\u00bbfull\u00a0\u00bb alignment=\u00a0\u00bbcenter\u00a0\u00bb onclick=\u00a0\u00bblink_image\u00a0\u00bb][\/vc_column][vc_column width=\u00a0\u00bb1\/3&Prime;][vc_single_image image=\u00a0\u00bb8626&Prime; img_size=\u00a0\u00bbfull\u00a0\u00bb alignment=\u00a0\u00bbcenter\u00a0\u00bb onclick=\u00a0\u00bblink_image\u00a0\u00bb][vc_single_image image=\u00a0\u00bb7192&Prime; img_size=\u00a0\u00bbfull\u00a0\u00bb alignment=\u00a0\u00bbcenter\u00a0\u00bb onclick=\u00a0\u00bblink_image\u00a0\u00bb][vc_single_image image=\u00a0\u00bb8608&Prime; img_size=\u00a0\u00bbfull\u00a0\u00bb alignment=\u00a0\u00bbcenter\u00a0\u00bb onclick=\u00a0\u00bblink_image\u00a0\u00bb][vc_single_image image=\u00a0\u00bb8669&Prime; img_size=\u00a0\u00bbfull\u00a0\u00bb alignment=\u00a0\u00bbcenter\u00a0\u00bb onclick=\u00a0\u00bblink_image\u00a0\u00bb][\/vc_column][vc_column width=\u00a0\u00bb1\/3&Prime;][vc_single_image image=\u00a0\u00bb8607&Prime; img_size=\u00a0\u00bbfull\u00a0\u00bb alignment=\u00a0\u00bbcenter\u00a0\u00bb onclick=\u00a0\u00bblink_image\u00a0\u00bb][vc_single_image image=\u00a0\u00bb7193&Prime; img_size=\u00a0\u00bbfull\u00a0\u00bb alignment=\u00a0\u00bbcenter\u00a0\u00bb onclick=\u00a0\u00bblink_image\u00a0\u00bb][vc_single_image image=\u00a0\u00bb8672&Prime; img_size=\u00a0\u00bbfull\u00a0\u00bb alignment=\u00a0\u00bbcenter\u00a0\u00bb onclick=\u00a0\u00bblink_image\u00a0\u00bb][vc_single_image image=\u00a0\u00bb8670&Prime; img_size=\u00a0\u00bbfull\u00a0\u00bb alignment=\u00a0\u00bbcenter\u00a0\u00bb onclick=\u00a0\u00bblink_image\u00a0\u00bb][\/vc_column][\/vc_row][vc_row full_width=\u00a0\u00bbstretch_row_content_no_spaces\u00a0\u00bb content_placement=\u00a0\u00bbmiddle\u00a0\u00bb css=\u00a0\u00bb.vc_custom_1574347126631{background-color: #ebebeb !important;background-position: center !important;background-repeat: no-repeat !important;background-size: cover !important;}\u00a0\u00bb][vc_column][vc_btn title=\u00a0\u00bbToutes nos r\u00e9alisations\u00a0\u00bb style=\u00a0\u00bbflat\u00a0\u00bb shape=\u00a0\u00bbsquare\u00a0\u00bb align=\u00a0\u00bbcenter\u00a0\u00bb i_icon_fontawesome=\u00a0\u00bbfa fa-th\u00a0\u00bb add_icon=\u00a0\u00bbtrue\u00a0\u00bb link=\u00a0\u00bburl:http%3A%2F%2Finnsideyourhome.fr%2FInnsideYourHome%2Fnos-realisations%2F|title:Nos%20R%C3%A9alisations||\u00a0\u00bb][\/vc_column][\/vc_row]<\/p>\n<\/div>","protected":false},"excerpt":{"rendered":"<p>[vc_row full_width=\u00a0\u00bbstretch_row_content\u00a0\u00bb content_placement=\u00a0\u00bbbottom\u00a0\u00bb css=\u00a0\u00bb.vc_custom_1582037735529{padding-top: 250px !important;padding-right: 250px !important;padding-bottom: 250px !important;padding-left: 250px !important;background-image: url(http:\/\/innsideyourhome.fr\/InnsideYourHome\/wp-content\/uploads\/2020\/02\/PHUKET-PANO-01.jpg?id=8636) !important;background-position: center !important;background-repeat: no-repeat !important;background-size: cover !important;}\u00a0\u00bb][vc_column][\/vc_column][\/vc_row][vc_row][vc_column width=\u00a0\u00bb1\/2&Prime;][vc_single_image image=\u00a0\u00bb8627&Prime; img_size=\u00a0\u00bblarge\u00a0\u00bb onclick=\u00a0\u00bblink_image\u00a0\u00bb][\/vc_column][vc_column width=\u00a0\u00bb1\/2&Prime;][vc_custom_heading source=\u00a0\u00bbpost_title\u00a0\u00bb font_container=\u00a0\u00bbtag:h1|text_align:left|color:%23000000&Prime; use_theme_fonts=\u00a0\u00bbyes\u00a0\u00bb el_class=\u00a0\u00bbbandeau\u00a0\u00bb][vc_column_text]Pas de valise, pas de contr\u00f4le de s\u00e9curit\u00e9, pas de jetlag, eh oui c\u2019est possible avec Eauzone Spa, 5 nouvelles destinations viennent de voir le jour dans ce nouveau centre \u00e0 20mn de Lille sur la zone commerciale de Carvin. Un complexe de Spas privatifs, aux accents de grandes vacances, Duba\u00ef, les Bahamas, Los Angeles, Singapour, Phuket, autant de destinations de r\u00eave, que nous avons retranscrit le plus fid\u00e8lement possible en terme.<\/p>\n","protected":false},"author":2,"featured_media":0,"parent":0,"menu_order":0,"comment_status":"closed","ping_status":"closed","template":"template-page-fullwidth.php","meta":{"footnotes":""},"class_list":["post-7032","page","type-page","status-publish","hentry"],"_links":{"self":[{"href":"http:\/\/innsideyourhome.fr\/InnsideYourHome\/wp-json\/wp\/v2\/pages\/7032","targetHints":{"allow":["GET"]}}],"collection":[{"href":"http:\/\/innsideyourhome.fr\/InnsideYourHome\/wp-json\/wp\/v2\/pages"}],"about":[{"href":"http:\/\/innsideyourhome.fr\/InnsideYourHome\/wp-json\/wp\/v2\/types\/page"}],"author":[{"embeddable":true,"href":"http:\/\/innsideyourhome.fr\/InnsideYourHome\/wp-json\/wp\/v2\/users\/2"}],"replies":[{"embeddable":true,"href":"http:\/\/innsideyourhome.fr\/InnsideYourHome\/wp-json\/wp\/v2\/comments?post=7032"}],"version-history":[{"count":5,"href":"http:\/\/innsideyourhome.fr\/InnsideYourHome\/wp-json\/wp\/v2\/pages\/7032\/revisions"}],"predecessor-version":[{"id":8676,"href":"http:\/\/innsideyourhome.fr\/InnsideYourHome\/wp-json\/wp\/v2\/pages\/7032\/revisions\/8676"}],"wp:attachment":[{"href":"http:\/\/innsideyourhome.fr\/InnsideYourHome\/wp-json\/wp\/v2\/media?parent=7032"}],"curies":[{"name":"wp","href":"https:\/\/api.w.org\/{rel}","templated":true}]}}