{"id":10167,"date":"2022-10-22T17:59:41","date_gmt":"2022-10-22T15:59:41","guid":{"rendered":"http:\/\/innsideyourhome.fr\/InnsideYourHome\/?page_id=10167"},"modified":"2022-10-26T18:10:36","modified_gmt":"2022-10-26T16:10:36","slug":"french-fries-diner-ffd-lievin","status":"publish","type":"page","link":"http:\/\/innsideyourhome.fr\/InnsideYourHome\/french-fries-diner-ffd-lievin\/","title":{"rendered":"French Fries Diner FFD &#8211; Li\u00e9vin"},"content":{"rendered":"<div class=\"wpb-content-wrapper\"><p>[vc_row full_width=\u00a0\u00bbstretch_row_content\u00a0\u00bb content_placement=\u00a0\u00bbbottom\u00a0\u00bb css=\u00a0\u00bb.vc_custom_1666799624890{padding-top: 250px !important;padding-right: 250px !important;padding-bottom: 250px !important;padding-left: 250px !important;background-image: url(http:\/\/innsideyourhome.fr\/InnsideYourHome\/wp-content\/uploads\/2022\/10\/DSC9661-scaled.jpg?id=10157) !important;background-position: center !important;background-repeat: no-repeat !important;background-size: cover !important;}\u00a0\u00bb][vc_column][\/vc_column][\/vc_row][vc_row][vc_column width=\u00a0\u00bb1\/2&Prime;][vc_single_image image=\u00a0\u00bb10162&Prime; img_size=\u00a0\u00bblarge\u00a0\u00bb onclick=\u00a0\u00bblink_image\u00a0\u00bb][\/vc_column][vc_column width=\u00a0\u00bb1\/2&Prime;][vc_custom_heading source=\u00a0\u00bbpost_title\u00a0\u00bb font_container=\u00a0\u00bbtag:h1|text_align:left|color:%23000000&Prime; use_theme_fonts=\u00a0\u00bbyes\u00a0\u00bb el_class=\u00a0\u00bbbandeau\u00a0\u00bb][vc_column_text]<\/p>\n<p style=\"font-weight: 400;\">French Fries Diner a ouvert ses portes \u00e0 Li\u00e9vin non loin du multiplex de cin\u00e9ma, sur un bel emplacement d\u2019angle.<\/p>\n<p style=\"font-weight: 400;\">Avec plus d\u2019une centaine de places assises, nous avons affaire \u00e0 un concept tournant autour de la frite fraiche et de bons petits plats, avec pour le peu une d\u00e9coration se voulant chic et d\u00e9contract\u00e9e.<\/p>\n<p style=\"font-weight: 400;\">Christelle, Michel et Alexandre les trois associ\u00e9s n\u2019en sont pas \u00e0 leur premier coup d\u2019essai, restaurateurs dans l\u2019\u00e2me depuis longtemps, nous les remercions vivement de nous avoir fait confiance, et nous devrions les revoir rapidement pour d\u2019autres FFD&#8230;<\/p>\n<p>[\/vc_column_text][\/vc_column][\/vc_row][vc_row][vc_column width=\u00a0\u00bb1\/3&Prime;][vc_single_image image=\u00a0\u00bb10133&Prime; img_size=\u00a0\u00bbfull\u00a0\u00bb alignment=\u00a0\u00bbcenter\u00a0\u00bb onclick=\u00a0\u00bblink_image\u00a0\u00bb][vc_single_image image=\u00a0\u00bb10154&Prime; img_size=\u00a0\u00bbfull\u00a0\u00bb alignment=\u00a0\u00bbcenter\u00a0\u00bb onclick=\u00a0\u00bblink_image\u00a0\u00bb][\/vc_column][vc_column width=\u00a0\u00bb1\/3&Prime;][vc_single_image image=\u00a0\u00bb10139&Prime; img_size=\u00a0\u00bbfull\u00a0\u00bb alignment=\u00a0\u00bbcenter\u00a0\u00bb onclick=\u00a0\u00bblink_image\u00a0\u00bb][vc_single_image image=\u00a0\u00bb10148&Prime; img_size=\u00a0\u00bbfull\u00a0\u00bb alignment=\u00a0\u00bbcenter\u00a0\u00bb onclick=\u00a0\u00bblink_image\u00a0\u00bb][\/vc_column][vc_column width=\u00a0\u00bb1\/3&Prime;][vc_single_image image=\u00a0\u00bb10136&Prime; img_size=\u00a0\u00bbfull\u00a0\u00bb alignment=\u00a0\u00bbcenter\u00a0\u00bb onclick=\u00a0\u00bblink_image\u00a0\u00bb][vc_single_image image=\u00a0\u00bb10131&Prime; img_size=\u00a0\u00bbfull\u00a0\u00bb alignment=\u00a0\u00bbcenter\u00a0\u00bb onclick=\u00a0\u00bblink_image\u00a0\u00bb][\/vc_column][\/vc_row][vc_row full_width=\u00a0\u00bbstretch_row_content_no_spaces\u00a0\u00bb content_placement=\u00a0\u00bbmiddle\u00a0\u00bb css=\u00a0\u00bb.vc_custom_1574347126631{background-color: #ebebeb !important;background-position: center !important;background-repeat: no-repeat !important;background-size: cover !important;}\u00a0\u00bb][vc_column][vc_btn title=\u00a0\u00bbToutes nos r\u00e9alisations\u00a0\u00bb style=\u00a0\u00bbflat\u00a0\u00bb shape=\u00a0\u00bbsquare\u00a0\u00bb align=\u00a0\u00bbcenter\u00a0\u00bb i_icon_fontawesome=\u00a0\u00bbfa fa-th\u00a0\u00bb add_icon=\u00a0\u00bbtrue\u00a0\u00bb link=\u00a0\u00bburl:http%3A%2F%2Finnsideyourhome.fr%2FInnsideYourHome%2Fnos-realisations%2F|title:Nos%20R%C3%A9alisations||\u00a0\u00bb][\/vc_column][\/vc_row]<\/p>\n<\/div>","protected":false},"excerpt":{"rendered":"<p>[vc_row full_width=\u00a0\u00bbstretch_row_content\u00a0\u00bb content_placement=\u00a0\u00bbbottom\u00a0\u00bb css=\u00a0\u00bb.vc_custom_1666799624890{padding-top: 250px !important;padding-right: 250px !important;padding-bottom: 250px !important;padding-left: 250px !important;background-image: url(http:\/\/innsideyourhome.fr\/InnsideYourHome\/wp-content\/uploads\/2022\/10\/DSC9661-scaled.jpg?id=10157) !important;background-position: center !important;background-repeat: no-repeat !important;background-size: cover !important;}\u00a0\u00bb][vc_column][\/vc_column][\/vc_row][vc_row][vc_column width=\u00a0\u00bb1\/2&Prime;][vc_single_image image=\u00a0\u00bb10162&Prime; img_size=\u00a0\u00bblarge\u00a0\u00bb onclick=\u00a0\u00bblink_image\u00a0\u00bb][\/vc_column][vc_column width=\u00a0\u00bb1\/2&Prime;][vc_custom_heading source=\u00a0\u00bbpost_title\u00a0\u00bb font_container=\u00a0\u00bbtag:h1|text_align:left|color:%23000000&Prime; use_theme_fonts=\u00a0\u00bbyes\u00a0\u00bb el_class=\u00a0\u00bbbandeau\u00a0\u00bb][vc_column_text] French Fries Diner a ouvert ses portes \u00e0 Li\u00e9vin non loin du multiplex de cin\u00e9ma, sur un bel emplacement d\u2019angle. Avec plus d\u2019une centaine de places assises, nous avons affaire \u00e0 un concept tournant autour de la frite fraiche et de bons petits plats, avec pour le peu une d\u00e9coration se voulant chic et d\u00e9contract\u00e9e. Christelle, Michel et Alexandre les trois associ\u00e9s n\u2019en sont pas \u00e0 leur premier coup d\u2019essai, restaurateurs.<\/p>\n","protected":false},"author":2,"featured_media":0,"parent":0,"menu_order":0,"comment_status":"closed","ping_status":"closed","template":"template-page-fullwidth.php","meta":{"footnotes":""},"class_list":["post-10167","page","type-page","status-publish","hentry"],"_links":{"self":[{"href":"http:\/\/innsideyourhome.fr\/InnsideYourHome\/wp-json\/wp\/v2\/pages\/10167","targetHints":{"allow":["GET"]}}],"collection":[{"href":"http:\/\/innsideyourhome.fr\/InnsideYourHome\/wp-json\/wp\/v2\/pages"}],"about":[{"href":"http:\/\/innsideyourhome.fr\/InnsideYourHome\/wp-json\/wp\/v2\/types\/page"}],"author":[{"embeddable":true,"href":"http:\/\/innsideyourhome.fr\/InnsideYourHome\/wp-json\/wp\/v2\/users\/2"}],"replies":[{"embeddable":true,"href":"http:\/\/innsideyourhome.fr\/InnsideYourHome\/wp-json\/wp\/v2\/comments?post=10167"}],"version-history":[{"count":5,"href":"http:\/\/innsideyourhome.fr\/InnsideYourHome\/wp-json\/wp\/v2\/pages\/10167\/revisions"}],"predecessor-version":[{"id":10174,"href":"http:\/\/innsideyourhome.fr\/InnsideYourHome\/wp-json\/wp\/v2\/pages\/10167\/revisions\/10174"}],"wp:attachment":[{"href":"http:\/\/innsideyourhome.fr\/InnsideYourHome\/wp-json\/wp\/v2\/media?parent=10167"}],"curies":[{"name":"wp","href":"https:\/\/api.w.org\/{rel}","templated":true}]}}